{"id":39,"date":"2018-06-22T22:57:25","date_gmt":"2018-06-22T20:57:25","guid":{"rendered":"http:\/\/puces.lv\/?page_id=39"},"modified":"2019-06-22T22:57:28","modified_gmt":"2019-06-22T19:57:28","slug":"tehnikas-remonts","status":"publish","type":"page","link":"https:\/\/puces.lv\/?page_id=39","title":{"rendered":"Tehnikas remonts"},"content":{"rendered":"<p>Pied\u0101v\u0101jam visa veida d\u0101rza tehnikas remontu, ne tikai husqvarna. Pla\u0161\u0101ks aprakts v\u0113l ir izstr\u0101des stadij\u0101.<\/p>\n","protected":false},"excerpt":{"rendered":"<p>Pied\u0101v\u0101jam visa veida d\u0101rza tehnikas remontu, ne tikai husqvarna. Pla\u0161\u0101ks aprakts v\u0113l ir izstr\u0101des stadij\u0101.<\/p>\n","protected":false},"author":1,"featured_media":0,"parent":0,"menu_order":0,"comment_status":"closed","ping_status":"closed","template":"","meta":[],"_links":{"self":[{"href":"https:\/\/puces.lv\/index.php?rest_route=\/wp\/v2\/pages\/39"}],"collection":[{"href":"https:\/\/puces.lv\/index.php?rest_route=\/wp\/v2\/pages"}],"about":[{"href":"https:\/\/puces.lv\/index.php?rest_route=\/wp\/v2\/types\/page"}],"author":[{"embeddable":true,"href":"https:\/\/puces.lv\/index.php?rest_route=\/wp\/v2\/users\/1"}],"replies":[{"embeddable":true,"href":"https:\/\/puces.lv\/index.php?rest_route=%2Fwp%2Fv2%2Fcomments&post=39"}],"version-history":[{"count":3,"href":"https:\/\/puces.lv\/index.php?rest_route=\/wp\/v2\/pages\/39\/revisions"}],"predecessor-version":[{"id":89,"href":"https:\/\/puces.lv\/index.php?rest_route=\/wp\/v2\/pages\/39\/revisions\/89"}],"wp:attachment":[{"href":"https:\/\/puces.lv\/index.php?rest_route=%2Fwp%2Fv2%2Fmedia&parent=39"}],"curies":[{"name":"wp","href":"https:\/\/api.w.org\/{rel}","templated":true}]}}