{"id":35,"date":"2018-06-22T22:53:38","date_gmt":"2018-06-22T20:53:38","guid":{"rendered":"http:\/\/puces.lv\/?page_id=35"},"modified":"2019-06-22T22:56:33","modified_gmt":"2019-06-22T19:56:33","slug":"produkti","status":"publish","type":"page","link":"https:\/\/puces.lv\/?page_id=35","title":{"rendered":"Produkti"},"content":{"rendered":"<p>\u0160\u012b sada\u013ca v\u0113l ir izstr\u0101des stadij\u0101, vienm\u0113r varat ar mums<a href=\"http:\/\/puces.lv\/?page_id=37\"> sazin\u0101ties<\/a> .<\/p>\n","protected":false},"excerpt":{"rendered":"<p>\u0160\u012b sada\u013ca v\u0113l ir izstr\u0101des stadij\u0101, vienm\u0113r varat ar mums sazin\u0101ties .<\/p>\n","protected":false},"author":1,"featured_media":0,"parent":0,"menu_order":0,"comment_status":"closed","ping_status":"closed","template":"","meta":[],"_links":{"self":[{"href":"https:\/\/puces.lv\/index.php?rest_route=\/wp\/v2\/pages\/35"}],"collection":[{"href":"https:\/\/puces.lv\/index.php?rest_route=\/wp\/v2\/pages"}],"about":[{"href":"https:\/\/puces.lv\/index.php?rest_route=\/wp\/v2\/types\/page"}],"author":[{"embeddable":true,"href":"https:\/\/puces.lv\/index.php?rest_route=\/wp\/v2\/users\/1"}],"replies":[{"embeddable":true,"href":"https:\/\/puces.lv\/index.php?rest_route=%2Fwp%2Fv2%2Fcomments&post=35"}],"version-history":[{"count":2,"href":"https:\/\/puces.lv\/index.php?rest_route=\/wp\/v2\/pages\/35\/revisions"}],"predecessor-version":[{"id":87,"href":"https:\/\/puces.lv\/index.php?rest_route=\/wp\/v2\/pages\/35\/revisions\/87"}],"wp:attachment":[{"href":"https:\/\/puces.lv\/index.php?rest_route=%2Fwp%2Fv2%2Fmedia&parent=35"}],"curies":[{"name":"wp","href":"https:\/\/api.w.org\/{rel}","templated":true}]}}