{"id":33,"date":"2018-06-22T22:53:09","date_gmt":"2018-06-22T20:53:09","guid":{"rendered":"http:\/\/puces.lv\/?page_id=33"},"modified":"2019-06-22T22:49:23","modified_gmt":"2019-06-22T19:49:23","slug":"kedes-motorzagi","status":"publish","type":"page","link":"https:\/\/puces.lv\/?page_id=33","title":{"rendered":"\u0136\u0113des motorz\u0101\u0123i"},"content":{"rendered":"<p><strong>Husqvarna motorz\u0101\u0123i<\/strong><\/p>\n<p>M\u016bsu kl\u0101st\u0101 atrad\u012bsiet visu: jaud\u012bgas iek\u0101rtas, maz\u0101kus mode\u013cus neprofesion\u0101lai lieto\u0161anai, k\u0101 ar\u012b mode\u013cus koku g\u0101\u0161anai, atzaro\u0161anai un z\u0101\u0123\u0113\u0161anai. Husqvarna \u0137\u0113des z\u0101\u0123is b\u016bs uzticams partneris neatkar\u012bgi no me\u017eizstr\u0101des darbu apjoma.<\/p>\n<p><img loading=\"lazy\" class=\"alignnone size-full wp-image-75\" src=\"http:\/\/puces.lv\/wp-content\/uploads\/2019\/06\/zagi.png\" alt=\"\" width=\"1396\" height=\"689\" srcset=\"https:\/\/puces.lv\/wp-content\/uploads\/2019\/06\/zagi.png 1396w, https:\/\/puces.lv\/wp-content\/uploads\/2019\/06\/zagi-300x148.png 300w, https:\/\/puces.lv\/wp-content\/uploads\/2019\/06\/zagi-768x379.png 768w, https:\/\/puces.lv\/wp-content\/uploads\/2019\/06\/zagi-1024x505.png 1024w\" sizes=\"(max-width: 1396px) 100vw, 1396px\" \/><\/p>\n<p><a href=\"http:\/\/puces.lv\/?page_id=37\">Konsult\u0101cij\u0101m un ieg\u0101des iesp\u0113j\u0101m<\/a><\/p>\n","protected":false},"excerpt":{"rendered":"<p>Husqvarna motorz\u0101\u0123i M\u016bsu kl\u0101st\u0101 atrad\u012bsiet visu: jaud\u012bgas iek\u0101rtas, maz\u0101kus mode\u013cus neprofesion\u0101lai lieto\u0161anai, k\u0101 ar\u012b mode\u013cus koku g\u0101\u0161anai, atzaro\u0161anai un z\u0101\u0123\u0113\u0161anai. Husqvarna \u0137\u0113des z\u0101\u0123is b\u016bs uzticams partneris neatkar\u012bgi no me\u017eizstr\u0101des darbu apjoma. Konsult\u0101cij\u0101m un ieg\u0101des iesp\u0113j\u0101m<\/p>\n","protected":false},"author":1,"featured_media":0,"parent":35,"menu_order":0,"comment_status":"closed","ping_status":"closed","template":"","meta":[],"_links":{"self":[{"href":"https:\/\/puces.lv\/index.php?rest_route=\/wp\/v2\/pages\/33"}],"collection":[{"href":"https:\/\/puces.lv\/index.php?rest_route=\/wp\/v2\/pages"}],"about":[{"href":"https:\/\/puces.lv\/index.php?rest_route=\/wp\/v2\/types\/page"}],"author":[{"embeddable":true,"href":"https:\/\/puces.lv\/index.php?rest_route=\/wp\/v2\/users\/1"}],"replies":[{"embeddable":true,"href":"https:\/\/puces.lv\/index.php?rest_route=%2Fwp%2Fv2%2Fcomments&post=33"}],"version-history":[{"count":3,"href":"https:\/\/puces.lv\/index.php?rest_route=\/wp\/v2\/pages\/33\/revisions"}],"predecessor-version":[{"id":77,"href":"https:\/\/puces.lv\/index.php?rest_route=\/wp\/v2\/pages\/33\/revisions\/77"}],"up":[{"embeddable":true,"href":"https:\/\/puces.lv\/index.php?rest_route=\/wp\/v2\/pages\/35"}],"wp:attachment":[{"href":"https:\/\/puces.lv\/index.php?rest_route=%2Fwp%2Fv2%2Fmedia&parent=33"}],"curies":[{"name":"wp","href":"https:\/\/api.w.org\/{rel}","templated":true}]}}