{"id":31,"date":"2018-06-22T22:52:44","date_gmt":"2018-06-22T20:52:44","guid":{"rendered":"http:\/\/puces.lv\/?page_id=31"},"modified":"2019-06-22T22:55:17","modified_gmt":"2019-06-22T19:55:17","slug":"zales-plaveji","status":"publish","type":"page","link":"https:\/\/puces.lv\/?page_id=31","title":{"rendered":"Z\u0101les p\u013c\u0101v\u0113ji"},"content":{"rendered":"<p><strong>Husqvarna z\u0101les p\u013c\u0101v\u0113ji<\/strong><\/p>\n<p>M\u0113s pied\u0101v\u0101jam pla\u0161u z\u0101les p\u013c\u0101v\u0113ju kl\u0101stu ar da\u017e\u0101d\u0101m p\u013cau\u0161anas metod\u0113m un da\u017eus mode\u013cus ar pilnpiedzi\u0146u. Neatkar\u012bgi no izaicin\u0101juma darbs b\u016bs paveikts profesion\u0101li. Visi m\u016bsu z\u0101les p\u013c\u0101v\u0113ji ir efekt\u012bvi un nodro\u0161ina lielisku ergonomiku. Neatkar\u012bgi no t\u0101, vai izv\u0113laties modeli ar fiks\u0113tu vai regul\u0113jamu transmisiju, tas nodro\u0161in\u0101s j\u016bsu pras\u012bb\u0101m atbilsto\u0161u un uzticamu veiktsp\u0113ju. Husqvarna z\u0101les p\u013c\u0101v\u0113ji mazina nevajadz\u012bgu musku\u013cu p\u0101rp\u016bli un traumas. Un pats svar\u012bg\u0101kais, tie \u00a0sniegs pat\u012bkamas saj\u016btas dabas tuvum\u0101. Ikviens m\u016bsu z\u0101les p\u013c\u0101v\u0113js b\u016bs profesion\u0101ls un p\u0101rliecino\u0161s sabiedrotais. To kompakt\u0101 konstrukcija nodro\u0161in\u0101s izcilu manevr\u0113tsp\u0113ju un vibr\u0101cijas sl\u0101p\u0113jo\u0161ie rokturi padar\u012bs darbu ergonomisk\u0101ku un \u0113rt\u0101ku. Savuk\u0101r iztur\u012bgais r\u0101mis un prec\u012bzi izstr\u0101d\u0101t\u0101s deta\u013cas nodro\u0161in\u0101s ilg\u0101ku kalpo\u0161anas laiku un viegl\u0101ku apkopi.<\/p>\n<p><strong><img loading=\"lazy\" class=\"alignnone size-full wp-image-85\" src=\"http:\/\/puces.lv\/wp-content\/uploads\/2019\/06\/plavejs.png\" alt=\"\" width=\"1391\" height=\"695\" srcset=\"https:\/\/puces.lv\/wp-content\/uploads\/2019\/06\/plavejs.png 1391w, https:\/\/puces.lv\/wp-content\/uploads\/2019\/06\/plavejs-300x150.png 300w, https:\/\/puces.lv\/wp-content\/uploads\/2019\/06\/plavejs-768x384.png 768w, https:\/\/puces.lv\/wp-content\/uploads\/2019\/06\/plavejs-1024x512.png 1024w\" sizes=\"(max-width: 1391px) 100vw, 1391px\" \/><\/strong><\/p>\n<p><a href=\"http:\/\/puces.lv\/?page_id=37\">Konsult\u0101cij\u0101m un ieg\u0101des iesp\u0113j\u0101m<\/a><\/p>\n","protected":false},"excerpt":{"rendered":"<p>Husqvarna z\u0101les p\u013c\u0101v\u0113ji M\u0113s pied\u0101v\u0101jam pla\u0161u z\u0101les p\u013c\u0101v\u0113ju kl\u0101stu ar da\u017e\u0101d\u0101m p\u013cau\u0161anas metod\u0113m un da\u017eus mode\u013cus ar pilnpiedzi\u0146u. Neatkar\u012bgi no izaicin\u0101juma darbs b\u016bs paveikts profesion\u0101li. Visi m\u016bsu z\u0101les p\u013c\u0101v\u0113ji ir efekt\u012bvi un nodro\u0161ina lielisku ergonomiku. Neatkar\u012bgi no t\u0101, vai izv\u0113laties modeli ar fiks\u0113tu vai regul\u0113jamu transmisiju, tas nodro\u0161in\u0101s j\u016bsu pras\u012bb\u0101m atbilsto\u0161u un uzticamu veiktsp\u0113ju. Husqvarna&hellip;<\/p>\n<p class=\"more-link\"><a href=\"https:\/\/puces.lv\/?page_id=31\" class=\"themebutton2\">Read More<\/a><\/p>\n","protected":false},"author":1,"featured_media":0,"parent":35,"menu_order":0,"comment_status":"closed","ping_status":"closed","template":"","meta":[],"_links":{"self":[{"href":"https:\/\/puces.lv\/index.php?rest_route=\/wp\/v2\/pages\/31"}],"collection":[{"href":"https:\/\/puces.lv\/index.php?rest_route=\/wp\/v2\/pages"}],"about":[{"href":"https:\/\/puces.lv\/index.php?rest_route=\/wp\/v2\/types\/page"}],"author":[{"embeddable":true,"href":"https:\/\/puces.lv\/index.php?rest_route=\/wp\/v2\/users\/1"}],"replies":[{"embeddable":true,"href":"https:\/\/puces.lv\/index.php?rest_route=%2Fwp%2Fv2%2Fcomments&post=31"}],"version-history":[{"count":3,"href":"https:\/\/puces.lv\/index.php?rest_route=\/wp\/v2\/pages\/31\/revisions"}],"predecessor-version":[{"id":86,"href":"https:\/\/puces.lv\/index.php?rest_route=\/wp\/v2\/pages\/31\/revisions\/86"}],"up":[{"embeddable":true,"href":"https:\/\/puces.lv\/index.php?rest_route=\/wp\/v2\/pages\/35"}],"wp:attachment":[{"href":"https:\/\/puces.lv\/index.php?rest_route=%2Fwp%2Fv2%2Fmedia&parent=31"}],"curies":[{"name":"wp","href":"https:\/\/api.w.org\/{rel}","templated":true}]}}