{"id":28,"date":"2018-06-22T22:52:19","date_gmt":"2018-06-22T20:52:19","guid":{"rendered":"http:\/\/puces.lv\/?page_id=28"},"modified":"2019-06-22T22:52:46","modified_gmt":"2019-06-22T19:52:46","slug":"trimmeri-un-krumgriezi","status":"publish","type":"page","link":"https:\/\/puces.lv\/?page_id=28","title":{"rendered":"Trimmeri un kr\u016bmgrie\u017ei"},"content":{"rendered":"<p><strong>Husqvarna z\u0101les trimmeri<\/strong><\/p>\n<p>M\u0113s pied\u0101v\u0101jam uzticamus, jaud\u012bgus un univers\u0101lus trimmerus. Tie visi ir \u0113rti un paroc\u012bgi lietojami, pateicoties to vieglajam svaram un da\u017e\u0101daj\u0101m funkcij\u0101m. Turkl\u0101t jums vair\u0101k nav j\u0101uztraucas, ka iztrauc\u0113siet kaimi\u0146u mieru, jo Husqvarna z\u0101les trimmeri ir izstr\u0101d\u0101ti t\u0101, lai rad\u012btu p\u0113c iesp\u0113jas maz\u0101ku troksni \u2014 lieliski piem\u0113roti priv\u0101tm\u0101ju \u012bpa\u0161umiem, kuri dz\u012bvo bl\u012bvi apdz\u012bvotos priv\u0101tm\u0101ju rajonos.<\/p>\n<p><img loading=\"lazy\" class=\"alignnone size-full wp-image-78\" src=\"http:\/\/puces.lv\/wp-content\/uploads\/2019\/06\/trimmeris.png\" alt=\"\" width=\"1392\" height=\"688\" srcset=\"https:\/\/puces.lv\/wp-content\/uploads\/2019\/06\/trimmeris.png 1392w, https:\/\/puces.lv\/wp-content\/uploads\/2019\/06\/trimmeris-300x148.png 300w, https:\/\/puces.lv\/wp-content\/uploads\/2019\/06\/trimmeris-768x380.png 768w, https:\/\/puces.lv\/wp-content\/uploads\/2019\/06\/trimmeris-1024x506.png 1024w\" sizes=\"(max-width: 1392px) 100vw, 1392px\" \/><\/p>\n<p><strong>Husqvarna kr\u016bmgrie\u017ei<\/strong><\/p>\n<p>Visi Husqvarna\u00a0<strong>kr\u016bmgrie\u017ei\u00a0<\/strong>ir konstru\u0113ti efekt\u012bvai darba izpildei, tie viegli p\u0101rn\u0113s\u0101jami un lietojami.\u00a0<strong>Kr\u016bmgrie\u017ei\u00a0<\/strong>ir vienk\u0101r\u0161i piel\u0101gojami individu\u0101l\u0101m vajadz\u012bb\u0101m un apr\u012bkoti ar vair\u0101k\u0101m praktisk\u0101m funkcij\u0101m un piederumiem. Atkar\u012bb\u0101 no mode\u013ca Husqvarna kr\u016bmgriezis var b\u016bt univers\u0101ls sabiedrotais izv\u0113l\u0113tajos darbos. Efekt\u012bv\u0101 trimmera spole un\u00a0viegli main\u0101mais p\u013cau\u0161anas apr\u012bkojums nodro\u0161ina izcilus rezult\u0101tus, veicot gan smalkus p\u013cau\u0161anas darbus, gan t\u012br\u012b\u0161anas darbus smagos darba apst\u0101k\u013cos uz nel\u012bdzen\u0101m virsm\u0101m.\u00a0<\/p>\n<p><img loading=\"lazy\" class=\"alignnone size-full wp-image-80\" src=\"http:\/\/puces.lv\/wp-content\/uploads\/2019\/06\/krumgriezis.png\" alt=\"\" width=\"1395\" height=\"689\" srcset=\"https:\/\/puces.lv\/wp-content\/uploads\/2019\/06\/krumgriezis.png 1395w, https:\/\/puces.lv\/wp-content\/uploads\/2019\/06\/krumgriezis-300x148.png 300w, https:\/\/puces.lv\/wp-content\/uploads\/2019\/06\/krumgriezis-768x379.png 768w, https:\/\/puces.lv\/wp-content\/uploads\/2019\/06\/krumgriezis-1024x506.png 1024w\" sizes=\"(max-width: 1395px) 100vw, 1395px\" \/><\/p>\n<p><a href=\"http:\/\/puces.lv\/?page_id=37\">Konsult\u0101cij\u0101m un ieg\u0101des iesp\u0113j\u0101m<\/a><\/p>\n\n\n<p><\/p>\n","protected":false},"excerpt":{"rendered":"<p>Husqvarna z\u0101les trimmeri M\u0113s pied\u0101v\u0101jam uzticamus, jaud\u012bgus un univers\u0101lus trimmerus. Tie visi ir \u0113rti un paroc\u012bgi lietojami, pateicoties to vieglajam svaram un da\u017e\u0101daj\u0101m funkcij\u0101m. Turkl\u0101t jums vair\u0101k nav j\u0101uztraucas, ka iztrauc\u0113siet kaimi\u0146u mieru, jo Husqvarna z\u0101les trimmeri ir izstr\u0101d\u0101ti t\u0101, lai rad\u012btu p\u0113c iesp\u0113jas maz\u0101ku troksni \u2014 lieliski piem\u0113roti priv\u0101tm\u0101ju \u012bpa\u0161umiem, kuri dz\u012bvo bl\u012bvi apdz\u012bvotos&hellip;<\/p>\n<p class=\"more-link\"><a href=\"https:\/\/puces.lv\/?page_id=28\" class=\"themebutton2\">Read More<\/a><\/p>\n","protected":false},"author":1,"featured_media":0,"parent":35,"menu_order":0,"comment_status":"closed","ping_status":"closed","template":"","meta":[],"_links":{"self":[{"href":"https:\/\/puces.lv\/index.php?rest_route=\/wp\/v2\/pages\/28"}],"collection":[{"href":"https:\/\/puces.lv\/index.php?rest_route=\/wp\/v2\/pages"}],"about":[{"href":"https:\/\/puces.lv\/index.php?rest_route=\/wp\/v2\/types\/page"}],"author":[{"embeddable":true,"href":"https:\/\/puces.lv\/index.php?rest_route=\/wp\/v2\/users\/1"}],"replies":[{"embeddable":true,"href":"https:\/\/puces.lv\/index.php?rest_route=%2Fwp%2Fv2%2Fcomments&post=28"}],"version-history":[{"count":5,"href":"https:\/\/puces.lv\/index.php?rest_route=\/wp\/v2\/pages\/28\/revisions"}],"predecessor-version":[{"id":82,"href":"https:\/\/puces.lv\/index.php?rest_route=\/wp\/v2\/pages\/28\/revisions\/82"}],"up":[{"embeddable":true,"href":"https:\/\/puces.lv\/index.php?rest_route=\/wp\/v2\/pages\/35"}],"wp:attachment":[{"href":"https:\/\/puces.lv\/index.php?rest_route=%2Fwp%2Fv2%2Fmedia&parent=28"}],"curies":[{"name":"wp","href":"https:\/\/api.w.org\/{rel}","templated":true}]}}