{"id":17,"date":"2018-06-22T08:38:24","date_gmt":"2018-06-22T06:38:24","guid":{"rendered":"http:\/\/puces.lv\/?page_id=17"},"modified":"2019-06-22T22:46:53","modified_gmt":"2019-06-22T19:46:53","slug":"darza-traktori-un-raideri","status":"publish","type":"page","link":"https:\/\/puces.lv\/?page_id=17","title":{"rendered":"D\u0101rza traktori un raideri"},"content":{"rendered":"<p><strong>Husqvarna d\u0101rza traktori<\/strong><\/p>\n<p>Kop\u0161 Husqvarna d\u0101rza traktori tiek vad\u012bti ar ped\u0101\u013ciem, tiek nodro\u0161in\u0101ta iesp\u0113ja st\u016br\u0113t ar ab\u0101m rok\u0101m. Tas sniedz komfortu un kontroli, kas noz\u012bm\u0113 ar\u012b past\u0101v\u012bgu dro\u0161\u012bbu. Tagad nav noz\u012bmes tam, k\u0101da veida z\u0101l\u0101ju j\u016bs apkopjat, jo izv\u0113loties k\u0101du no trij\u0101m p\u013cau\u0161anas sist\u0113m\u0101m &#8211; sav\u0101k\u0161anu, mul\u010d\u0113\u0161anu (BioClip) vai izme\u0161anu \u00a0\u2014 varat b\u016bt dro\u0161s par rezult\u0101tu!<\/p>\n<p>Ar\u012b koki un kr\u016bmi vair\u0101k nav probl\u0113ma. Pateicoties unik\u0101lajai st\u016br\u0113\u0161anas tehnolo\u0123ijai, iesp\u0113jams vienk\u0101r\u0161i app\u013caut jebk\u0101da veida \u0161\u0137\u0113r\u0161\u013cus. Rezult\u0101t\u0101 \u2014 maz\u0101k nenop\u013cautu zonu, efekt\u012bv\u0101ks p\u013cau\u0161anas process un pilnv\u0113rt\u012bga manevr\u0113tsp\u0113ja.<\/p>\n<p><img loading=\"lazy\" class=\"alignnone size-full wp-image-68\" src=\"http:\/\/puces.lv\/wp-content\/uploads\/2019\/06\/traktori.png\" alt=\"\" width=\"1396\" height=\"694\" srcset=\"https:\/\/puces.lv\/wp-content\/uploads\/2019\/06\/traktori.png 1396w, https:\/\/puces.lv\/wp-content\/uploads\/2019\/06\/traktori-300x149.png 300w, https:\/\/puces.lv\/wp-content\/uploads\/2019\/06\/traktori-768x382.png 768w, https:\/\/puces.lv\/wp-content\/uploads\/2019\/06\/traktori-1024x509.png 1024w\" sizes=\"(max-width: 1396px) 100vw, 1396px\" \/><\/p>\n<p><strong>Husqvarna raideri<\/strong><\/p>\n<p>Ir gr\u016bti atrast vietas, kurai Husqvarna\u00a0<strong>raideris<\/strong>\u00a0nevar\u0113tu piek\u013c\u016bt, jo raidera priek\u0161pus\u0113 uzmont\u0113ts p\u013cau\u0161anas bloks un tas apr\u012bkot ar unik\u0101lu st\u016br\u0113\u0161anas sist\u0113mu. Kontroles, komforta un efektivit\u0101tes apvienojums ne tikai atvieglo darbu, bet ar\u012b padara brauk\u0161anu pat\u012bkam\u0101ku. Visos Husqvarna raideros ir izmantota Husqvarna patent\u0113t\u0101 Bio-Clip\u00ae funkcija, kas nodro\u0161ina izcilu mul\u010d\u0113\u0161anu un \u0101rk\u0101rt\u012bgi profesion\u0101lus darba rezult\u0101tus.<\/p>\n<p><img loading=\"lazy\" class=\"alignnone size-full wp-image-70\" src=\"http:\/\/puces.lv\/wp-content\/uploads\/2019\/06\/raideri.png\" alt=\"\" width=\"1388\" height=\"693\" srcset=\"https:\/\/puces.lv\/wp-content\/uploads\/2019\/06\/raideri.png 1388w, https:\/\/puces.lv\/wp-content\/uploads\/2019\/06\/raideri-300x150.png 300w, https:\/\/puces.lv\/wp-content\/uploads\/2019\/06\/raideri-768x383.png 768w, https:\/\/puces.lv\/wp-content\/uploads\/2019\/06\/raideri-1024x511.png 1024w\" sizes=\"(max-width: 1388px) 100vw, 1388px\" \/><\/p>\n<p><a href=\"http:\/\/puces.lv\/?page_id=37\">Sa\u0146em konsult\u0101ciju un uzzini kur\u0161 ir piem\u0113rot\u0101ks tie\u0161i tev<\/a><\/p>\n","protected":false},"excerpt":{"rendered":"<p>Husqvarna d\u0101rza traktori Kop\u0161 Husqvarna d\u0101rza traktori tiek vad\u012bti ar ped\u0101\u013ciem, tiek nodro\u0161in\u0101ta iesp\u0113ja st\u016br\u0113t ar ab\u0101m rok\u0101m. Tas sniedz komfortu un kontroli, kas noz\u012bm\u0113 ar\u012b past\u0101v\u012bgu dro\u0161\u012bbu. Tagad nav noz\u012bmes tam, k\u0101da veida z\u0101l\u0101ju j\u016bs apkopjat, jo izv\u0113loties k\u0101du no trij\u0101m p\u013cau\u0161anas sist\u0113m\u0101m &#8211; sav\u0101k\u0161anu, mul\u010d\u0113\u0161anu (BioClip) vai izme\u0161anu \u00a0\u2014 varat b\u016bt dro\u0161s par&hellip;<\/p>\n<p class=\"more-link\"><a href=\"https:\/\/puces.lv\/?page_id=17\" class=\"themebutton2\">Read More<\/a><\/p>\n","protected":false},"author":1,"featured_media":0,"parent":35,"menu_order":0,"comment_status":"closed","ping_status":"closed","template":"","meta":[],"_links":{"self":[{"href":"https:\/\/puces.lv\/index.php?rest_route=\/wp\/v2\/pages\/17"}],"collection":[{"href":"https:\/\/puces.lv\/index.php?rest_route=\/wp\/v2\/pages"}],"about":[{"href":"https:\/\/puces.lv\/index.php?rest_route=\/wp\/v2\/types\/page"}],"author":[{"embeddable":true,"href":"https:\/\/puces.lv\/index.php?rest_route=\/wp\/v2\/users\/1"}],"replies":[{"embeddable":true,"href":"https:\/\/puces.lv\/index.php?rest_route=%2Fwp%2Fv2%2Fcomments&post=17"}],"version-history":[{"count":6,"href":"https:\/\/puces.lv\/index.php?rest_route=\/wp\/v2\/pages\/17\/revisions"}],"predecessor-version":[{"id":74,"href":"https:\/\/puces.lv\/index.php?rest_route=\/wp\/v2\/pages\/17\/revisions\/74"}],"up":[{"embeddable":true,"href":"https:\/\/puces.lv\/index.php?rest_route=\/wp\/v2\/pages\/35"}],"wp:attachment":[{"href":"https:\/\/puces.lv\/index.php?rest_route=%2Fwp%2Fv2%2Fmedia&parent=17"}],"curies":[{"name":"wp","href":"https:\/\/api.w.org\/{rel}","templated":true}]}}