{"id":15,"date":"2018-06-22T08:37:59","date_gmt":"2018-06-22T06:37:59","guid":{"rendered":"http:\/\/puces.lv\/?page_id=15"},"modified":"2019-06-22T22:39:39","modified_gmt":"2019-06-22T19:39:39","slug":"automowers","status":"publish","type":"page","link":"https:\/\/puces.lv\/?page_id=15","title":{"rendered":"Automowers"},"content":{"rendered":"<p><strong>Husqvarna Automower\u00ae \u2014 pasaules l\u012bderis robotiz\u0113taj\u0101 z\u0101les p\u013cau\u0161an\u0101<\/strong><\/p>\n<p>Z\u0101l\u0101ja kop\u0161ana prasa daudz laika un r\u016bpju. Husqvarna Automower\u00ae nav tikai z\u0101les p\u013c\u0101v\u0113js, tas ir robots, kas str\u0101d\u0101 piln\u012bgi patst\u0101v\u012bgi neatkar\u012bgi no laikapst\u0101k\u013ciem un diennakts stundas. Tas p\u013cauj z\u0101li, kam\u0113r j\u016bs atp\u016b\u0161aties, darbojas gan dien\u0101, gan nakt\u012b, kad sp\u012bd saule vai l\u012bst lietus, nodro\u0161inot perfektu rezult\u0101tu pat sare\u017e\u0123\u012btas formas d\u0101rzos. Atkl\u0101jiet lab\u0101ku veidu, k\u0101 ieg\u016bt perfektu mauri\u0146u. Atsevi\u0161\u0137iem Automower\u00ae mode\u013ciem, jau standart\u0101 ir pieejama Automower Connect aplik\u0101cija, kas vad\u0101ma no viedt\u0101lru\u0146a un ar kuras pal\u012bdz\u012bbu j\u016bs piln\u012bb\u0101 var\u0113siet to kontrol\u0113t darbu, konfigur\u0113t iestat\u012bjums un noteikt atra\u0161an\u0101s vietu z\u0101dz\u012bbas gad\u012bjum\u0101.<\/p>\n<p><img loading=\"lazy\" class=\"alignnone size-full wp-image-63\" src=\"http:\/\/puces.lv\/wp-content\/uploads\/2019\/06\/automowers.png\" alt=\"\" width=\"1395\" height=\"684\" srcset=\"https:\/\/puces.lv\/wp-content\/uploads\/2019\/06\/automowers.png 1395w, https:\/\/puces.lv\/wp-content\/uploads\/2019\/06\/automowers-300x147.png 300w, https:\/\/puces.lv\/wp-content\/uploads\/2019\/06\/automowers-768x377.png 768w, https:\/\/puces.lv\/wp-content\/uploads\/2019\/06\/automowers-1024x502.png 1024w\" sizes=\"(max-width: 1395px) 100vw, 1395px\" \/><\/p>\n<p><a href=\"http:\/\/puces.lv\/?page_id=37\">Konsult\u0101cij\u0101m un ieg\u0101des iesp\u0113j\u0101m<\/a><\/p>\n","protected":false},"excerpt":{"rendered":"<p>Husqvarna Automower\u00ae \u2014 pasaules l\u012bderis robotiz\u0113taj\u0101 z\u0101les p\u013cau\u0161an\u0101 Z\u0101l\u0101ja kop\u0161ana prasa daudz laika un r\u016bpju. Husqvarna Automower\u00ae nav tikai z\u0101les p\u013c\u0101v\u0113js, tas ir robots, kas str\u0101d\u0101 piln\u012bgi patst\u0101v\u012bgi neatkar\u012bgi no laikapst\u0101k\u013ciem un diennakts stundas. Tas p\u013cauj z\u0101li, kam\u0113r j\u016bs atp\u016b\u0161aties, darbojas gan dien\u0101, gan nakt\u012b, kad sp\u012bd saule vai l\u012bst lietus, nodro\u0161inot perfektu rezult\u0101tu pat&hellip;<\/p>\n<p class=\"more-link\"><a href=\"https:\/\/puces.lv\/?page_id=15\" class=\"themebutton2\">Read More<\/a><\/p>\n","protected":false},"author":1,"featured_media":0,"parent":35,"menu_order":0,"comment_status":"closed","ping_status":"closed","template":"","meta":[],"_links":{"self":[{"href":"https:\/\/puces.lv\/index.php?rest_route=\/wp\/v2\/pages\/15"}],"collection":[{"href":"https:\/\/puces.lv\/index.php?rest_route=\/wp\/v2\/pages"}],"about":[{"href":"https:\/\/puces.lv\/index.php?rest_route=\/wp\/v2\/types\/page"}],"author":[{"embeddable":true,"href":"https:\/\/puces.lv\/index.php?rest_route=\/wp\/v2\/users\/1"}],"replies":[{"embeddable":true,"href":"https:\/\/puces.lv\/index.php?rest_route=%2Fwp%2Fv2%2Fcomments&post=15"}],"version-history":[{"count":5,"href":"https:\/\/puces.lv\/index.php?rest_route=\/wp\/v2\/pages\/15\/revisions"}],"predecessor-version":[{"id":66,"href":"https:\/\/puces.lv\/index.php?rest_route=\/wp\/v2\/pages\/15\/revisions\/66"}],"up":[{"embeddable":true,"href":"https:\/\/puces.lv\/index.php?rest_route=\/wp\/v2\/pages\/35"}],"wp:attachment":[{"href":"https:\/\/puces.lv\/index.php?rest_route=%2Fwp%2Fv2%2Fmedia&parent=15"}],"curies":[{"name":"wp","href":"https:\/\/api.w.org\/{rel}","templated":true}]}}